{"id":417,"date":"2019-12-02T02:44:04","date_gmt":"2019-12-02T02:44:04","guid":{"rendered":"http:\/\/programaprai.com\/index.php\/contact-me\/"},"modified":"2024-01-16T17:16:06","modified_gmt":"2024-01-16T17:16:06","slug":"contacto","status":"publish","type":"page","link":"https:\/\/programaprai.com\/index.php\/contacto\/","title":{"rendered":"Contacto"},"content":{"rendered":"\t\t<div data-elementor-type=\"wp-page\" data-elementor-id=\"417\" class=\"elementor elementor-417\">\n\t\t\t\t\t\t<section class=\"elementor-section elementor-top-section elementor-element elementor-element-8dfb90d elementor-section-boxed elementor-section-gap-beside-yes elementor-section-height-default elementor-section-height-default elementor-section-column-vertical-align-stretch\" data-id=\"8dfb90d\" data-element_type=\"section\">\n\t\t\t\t\t\t<div class=\"elementor-container elementor-column-gap-extended\">\n\t\t\t\t\t<div class=\"elementor-column elementor-col-100 elementor-top-column elementor-element elementor-element-4e9accd\" data-id=\"4e9accd\" data-element_type=\"column\">\n\t\t\t<div class=\"elementor-widget-wrap elementor-element-populated\">\n\t\t\t\t\t\t<div class=\"elementor-element elementor-element-23f2ff6 elementor-widget elementor-widget-spacer\" data-id=\"23f2ff6\" data-element_type=\"widget\" data-widget_type=\"spacer.default\">\n\t\t\t\t<div class=\"elementor-widget-container\">\n\t\t\t\t\t\t\t<div class=\"elementor-spacer\">\n\t\t\t<div class=\"elementor-spacer-inner\"><\/div>\n\t\t<\/div>\n\t\t\t\t\t\t<\/div>\n\t\t\t\t<\/div>\n\t\t\t\t\t<\/div>\n\t\t<\/div>\n\t\t\t\t\t<\/div>\n\t\t<\/section>\n\t\t\t\t<section class=\"elementor-section elementor-top-section elementor-element elementor-element-bcdda42 elementor-reverse-tablet elementor-reverse-mobile elementor-section-boxed elementor-section-gap-beside-yes elementor-section-height-default elementor-section-height-default elementor-section-column-vertical-align-stretch\" data-id=\"bcdda42\" data-element_type=\"section\">\n\t\t\t\t\t\t<div class=\"elementor-container elementor-column-gap-extended\">\n\t\t\t\t\t<div class=\"elementor-column elementor-col-33 elementor-top-column elementor-element elementor-element-46d6ab6\" data-id=\"46d6ab6\" data-element_type=\"column\">\n\t\t\t<div class=\"elementor-widget-wrap elementor-element-populated\">\n\t\t\t\t\t\t<div class=\"elementor-element elementor-element-f7995cb elementor-invisible elementor-widget elementor-widget-tm-heading\" data-id=\"f7995cb\" data-element_type=\"widget\" data-settings=\"{&quot;_animation&quot;:&quot;maxcoachFadeInUp&quot;}\" data-widget_type=\"tm-heading.default\">\n\t\t\t\t<div class=\"elementor-widget-container\">\n\t\t\t\t\t\t\t<div class=\"tm-modern-heading\">\n\t\t\t\t\t<div class=\"heading-secondary-wrap\">\n\t\t\t<h3 class=\"heading-secondary elementor-heading-title\">\n\u00bfDudas?<\/h3>\t\t<\/div>\n\t\t\n\t\t\t\t\t<div class=\"heading-primary-wrap\">\n\t\t\t<h2 class=\"heading-primary elementor-heading-title\">\u00a1Cont\u00e1ctanos!<\/h2>\t\t<\/div>\n\t\t\n\t\t\t\n\t\t\t\t\t<\/div>\n\t\t\t\t\t\t<\/div>\n\t\t\t\t<\/div>\n\t\t\t\t<div class=\"elementor-element elementor-element-05bad3e elementor-position-left maxcoach-view-default mobile-position-top-yes elementor-vertical-align-top elementor-invisible elementor-widget elementor-widget-tm-icon-box\" data-id=\"05bad3e\" data-element_type=\"widget\" data-settings=\"{&quot;_animation&quot;:&quot;maxcoachFadeInUp&quot;}\" data-widget_type=\"tm-icon-box.default\">\n\t\t\t\t<div class=\"elementor-widget-container\">\n\t\t\t\t\t\t\t<div class=\"tm-icon-box maxcoach-box\">\t\t\t\t<div class=\"icon-box-wrapper\">\n\t\t\t\t\t<div class=\"maxcoach-icon-wrap\">\n\t\t\t<div class=\"maxcoach-icon-view first\">\n\t\t\t\t<div class=\"maxcoach-icon-view-inner\">\n\t\t\t\t\t<div class=\"maxcoach-icon icon maxcoach-solid-icon\">\n\t\t\t\t\t\t<i aria-hidden=\"true\" class=\"fal fa-map-marker-alt\"><\/i>\t\t\t\t\t<\/div>\n\t\t\t\t<\/div>\n\t\t\t<\/div>\n\n\t\t\t\t\t<\/div>\n\t\t\n\t\t\t<div class=\"icon-box-content\">\n\t\t\t\t\t\t<div class=\"heading-wrap\">\n\t\t\t<h3 class=\"heading\">Ubicaci\u00f3n<\/h3>\n\t\t\t\t\t<\/div>\n\t\t\n\t\t\t\t\t\t<div class=\"description-wrap\">\n\t\t\t<div class=\"description\">\n\t\t\t\tAv. del Club 4 Plaza de la Monta\u00f1a Local 8, Residencial Chiluca.\t\t\t<\/div>\n\t\t<\/div>\n\t\t\n\t\t\t\t\t\t\t<\/div>\n\t\t<\/div>\n\n\t\t<\/div>\t\t\t\t\t\t<\/div>\n\t\t\t\t<\/div>\n\t\t\t\t<div class=\"elementor-element elementor-element-4c32fce elementor-position-left maxcoach-view-default mobile-position-top-yes elementor-vertical-align-top elementor-invisible elementor-widget elementor-widget-tm-icon-box\" data-id=\"4c32fce\" data-element_type=\"widget\" data-settings=\"{&quot;_animation&quot;:&quot;maxcoachFadeInUp&quot;}\" data-widget_type=\"tm-icon-box.default\">\n\t\t\t\t<div class=\"elementor-widget-container\">\n\t\t\t\t\t\t\t<div class=\"tm-icon-box maxcoach-box\">\t\t\t\t<div class=\"icon-box-wrapper\">\n\t\t\t\t\t<div class=\"maxcoach-icon-wrap\">\n\t\t\t<div class=\"maxcoach-icon-view first\">\n\t\t\t\t<div class=\"maxcoach-icon-view-inner\">\n\t\t\t\t\t<div class=\"maxcoach-icon icon maxcoach-solid-icon\">\n\t\t\t\t\t\t<i aria-hidden=\"true\" class=\"fal fa-phone\"><\/i>\t\t\t\t\t<\/div>\n\t\t\t\t<\/div>\n\t\t\t<\/div>\n\n\t\t\t\t\t<\/div>\n\t\t\n\t\t\t<div class=\"icon-box-content\">\n\t\t\t\t\t\t<div class=\"heading-wrap\">\n\t\t\t<h3 class=\"heading\">Contact<\/h3>\n\t\t\t\t\t<\/div>\n\t\t\n\t\t\t\t\t\t<div class=\"description-wrap\">\n\t\t\t<div class=\"description\">\n\t\t\t\tTel\u00e9fono: <strong style=\"color: #333\">(55) 8548 5248<\/strong><br \/>\n\nMail: <strong style=\"color: #333\"><a href=\"mailto:hola@programaprai.com\">hola@programaprai.com<\/a><\/strong><br \/>\t\t\t<\/div>\n\t\t<\/div>\n\t\t\n\t\t\t\t\t\t\t<\/div>\n\t\t<\/div>\n\n\t\t<\/div>\t\t\t\t\t\t<\/div>\n\t\t\t\t<\/div>\n\t\t\t\t<div class=\"elementor-element elementor-element-19fb6cf elementor-position-left maxcoach-view-default mobile-position-top-yes elementor-vertical-align-top elementor-invisible elementor-widget elementor-widget-tm-icon-box\" data-id=\"19fb6cf\" data-element_type=\"widget\" data-settings=\"{&quot;_animation&quot;:&quot;maxcoachFadeInUp&quot;}\" data-widget_type=\"tm-icon-box.default\">\n\t\t\t\t<div class=\"elementor-widget-container\">\n\t\t\t\t\t\t\t<div class=\"tm-icon-box maxcoach-box\">\t\t\t\t<div class=\"icon-box-wrapper\">\n\t\t\t\t\t<div class=\"maxcoach-icon-wrap\">\n\t\t\t<div class=\"maxcoach-icon-view first\">\n\t\t\t\t<div class=\"maxcoach-icon-view-inner\">\n\t\t\t\t\t<div class=\"maxcoach-icon icon maxcoach-solid-icon\">\n\t\t\t\t\t\t<i aria-hidden=\"true\" class=\"fal fa-clock\"><\/i>\t\t\t\t\t<\/div>\n\t\t\t\t<\/div>\n\t\t\t<\/div>\n\n\t\t\t\t\t<\/div>\n\t\t\n\t\t\t<div class=\"icon-box-content\">\n\t\t\t\t\t\t<div class=\"heading-wrap\">\n\t\t\t<h3 class=\"heading\">Horario de Clases<\/h3>\n\t\t\t\t\t<\/div>\n\t\t\n\t\t\t\t\t\t<div class=\"description-wrap\">\n\t\t\t<div class=\"description\">\n\t\t\t\t<strong style=\"color: #333\">Pintura: <\/strong>Lunes de 5 a 6 pm\n<br \/>\n<strong style=\"color: #333\">Canto:<\/strong> Mi\u00e9rcoles de 5 a 6 pm\n<br \/>\n<strong style=\"color: #333\">M\u00fasica:  <\/strong>Jueves de 5 a 6 pm\n<br \/>\n<strong style=\"color: #333\">Danza: <\/strong>S\u00e1bados de 11 am a 12pm\t\t\t<\/div>\n\t\t<\/div>\n\t\t\n\t\t\t\t\t\t\t<\/div>\n\t\t<\/div>\n\n\t\t<\/div>\t\t\t\t\t\t<\/div>\n\t\t\t\t<\/div>\n\t\t\t\t\t<\/div>\n\t\t<\/div>\n\t\t\t\t<div class=\"elementor-column elementor-col-66 elementor-top-column elementor-element elementor-element-ec484c2 elementor-invisible\" data-id=\"ec484c2\" data-element_type=\"column\" data-settings=\"{&quot;animation&quot;:&quot;maxcoachFadeInUp&quot;}\">\n\t\t\t<div class=\"elementor-widget-wrap elementor-element-populated\">\n\t\t\t\t\t\t<div class=\"elementor-element elementor-element-0daedf4 elementor-widget__width-auto elementor-absolute elementor-widget elementor-widget-image\" data-id=\"0daedf4\" data-element_type=\"widget\" data-settings=\"{&quot;_position&quot;:&quot;absolute&quot;}\" data-widget_type=\"image.default\">\n\t\t\t\t<div class=\"elementor-widget-container\">\n\t\t\t\t\t\t\t\t\t\t\t\t\t\t\t<img decoding=\"async\" width=\"152\" height=\"127\" src=\"https:\/\/programaprai.com\/wp-content\/uploads\/2019\/12\/maxcoach-shape-08.png\" class=\"attachment-full size-full wp-image-476\" alt=\"\" \/>\t\t\t\t\t\t\t\t\t\t\t\t\t\t\t<\/div>\n\t\t\t\t<\/div>\n\t\t\t\t<div class=\"elementor-element elementor-element-b61d96c elementor-widget__width-auto elementor-absolute elementor-widget-mobile__width-initial elementor-widget elementor-widget-image\" data-id=\"b61d96c\" data-element_type=\"widget\" data-settings=\"{&quot;_position&quot;:&quot;absolute&quot;}\" data-widget_type=\"image.default\">\n\t\t\t\t<div class=\"elementor-widget-container\">\n\t\t\t\t\t\t\t\t\t\t\t\t\t\t\t<img decoding=\"async\" width=\"127\" height=\"123\" src=\"https:\/\/programaprai.com\/wp-content\/uploads\/2019\/12\/maxcoach-shape-02.png\" class=\"attachment-full size-full wp-image-470\" alt=\"\" \/>\t\t\t\t\t\t\t\t\t\t\t\t\t\t\t<\/div>\n\t\t\t\t<\/div>\n\t\t\t\t<div class=\"elementor-element elementor-element-35198fa elementor-widget__width-initial elementor-absolute elementor-widget-mobile__width-initial elementor-widget elementor-widget-image\" data-id=\"35198fa\" data-element_type=\"widget\" data-settings=\"{&quot;_position&quot;:&quot;absolute&quot;}\" data-widget_type=\"image.default\">\n\t\t\t\t<div class=\"elementor-widget-container\">\n\t\t\t\t\t\t\t\t\t\t\t\t\t\t\t<img decoding=\"async\" width=\"170\" height=\"170\" src=\"https:\/\/programaprai.com\/wp-content\/uploads\/2019\/12\/maxcoach-shape-07.png\" class=\"attachment-full size-full wp-image-477\" alt=\"\" srcset=\"https:\/\/programaprai.com\/wp-content\/uploads\/2019\/12\/maxcoach-shape-07.png 170w, https:\/\/programaprai.com\/wp-content\/uploads\/2019\/12\/maxcoach-shape-07-100x100.png 100w, https:\/\/programaprai.com\/wp-content\/uploads\/2019\/12\/maxcoach-shape-07-150x150.png 150w\" sizes=\"(max-width: 170px) 100vw, 170px\" \/>\t\t\t\t\t\t\t\t\t\t\t\t\t\t\t<\/div>\n\t\t\t\t<\/div>\n\t\t\t\t<div class=\"elementor-element elementor-element-95c30d9 elementor-widget__width-auto elementor-absolute elementor-hidden-phone elementor-widget elementor-widget-image\" data-id=\"95c30d9\" data-element_type=\"widget\" data-settings=\"{&quot;_position&quot;:&quot;absolute&quot;}\" data-widget_type=\"image.default\">\n\t\t\t\t<div class=\"elementor-widget-container\">\n\t\t\t\t\t\t\t\t\t\t\t\t\t\t\t<img decoding=\"async\" width=\"152\" height=\"127\" src=\"https:\/\/programaprai.com\/wp-content\/uploads\/2019\/12\/maxcoach-shape-08.png\" class=\"attachment-full size-full wp-image-476\" alt=\"\" \/>\t\t\t\t\t\t\t\t\t\t\t\t\t\t\t<\/div>\n\t\t\t\t<\/div>\n\t\t\t\t<div class=\"elementor-element elementor-element-750d7c5 maxcoach-shape-border-circle elementor-widget__width-auto elementor-absolute elementor-widget elementor-widget-tm-shapes\" data-id=\"750d7c5\" data-element_type=\"widget\" data-settings=\"{&quot;_position&quot;:&quot;absolute&quot;}\" data-widget_type=\"tm-shapes.default\">\n\t\t\t\t<div class=\"elementor-widget-container\">\n\t\t\t\t\t\t\t<div class=\"maxcoach-shape maxcoach-shape-1-1\">\n\t\t\t\t\t\t\t<div class=\"shape\"><\/div>\n\t\t\t\t\t<\/div>\n\t\t\t\t\t\t<\/div>\n\t\t\t\t<\/div>\n\t\t\t\t<div class=\"elementor-element elementor-element-1d0cbd3 elementor-widget__width-auto elementor-widget elementor-widget-image\" data-id=\"1d0cbd3\" data-element_type=\"widget\" data-widget_type=\"image.default\">\n\t\t\t\t<div class=\"elementor-widget-container\">\n\t\t\t\t\t\t\t\t\t\t\t\t\t\t\t<img decoding=\"async\" src=\"https:\/\/programaprai.com\/wp-content\/uploads\/2021\/12\/IMG_6668.png\" title=\"IMG_6668\" alt=\"IMG_6668\" loading=\"lazy\" \/>\t\t\t\t\t\t\t\t\t\t\t\t\t\t\t<\/div>\n\t\t\t\t<\/div>\n\t\t\t\t\t<\/div>\n\t\t<\/div>\n\t\t\t\t\t<\/div>\n\t\t<\/section>\n\t\t\t\t<\/div>\n\t\t","protected":false},"excerpt":{"rendered":"<p>\u00bfDudas? \u00a1Cont\u00e1ctanos! Ubicaci\u00f3n Av. del Club 4 Plaza de la Monta\u00f1a Local 8, Residencial Chiluca. Contact Tel\u00e9fono: (55) 8548 5248 Mail: hola@programaprai.com Horario de Clases Pintura: Lunes de 5 a 6 pm Canto: Mi\u00e9rcoles de 5 a 6 pm M\u00fasica: Jueves de 5 a 6 pm Danza: S\u00e1bados de 11 am a 12pm<\/p>\n","protected":false},"author":1,"featured_media":0,"parent":0,"menu_order":0,"comment_status":"closed","ping_status":"closed","template":"","meta":{"pmpro_default_level":"","iawp_total_views":26,"footnotes":""},"class_list":["post-417","page","type-page","status-publish","hentry","pmpro-has-access","post-no-thumbnail"],"_links":{"self":[{"href":"https:\/\/programaprai.com\/index.php\/wp-json\/wp\/v2\/pages\/417","targetHints":{"allow":["GET"]}}],"collection":[{"href":"https:\/\/programaprai.com\/index.php\/wp-json\/wp\/v2\/pages"}],"about":[{"href":"https:\/\/programaprai.com\/index.php\/wp-json\/wp\/v2\/types\/page"}],"author":[{"embeddable":true,"href":"https:\/\/programaprai.com\/index.php\/wp-json\/wp\/v2\/users\/1"}],"replies":[{"embeddable":true,"href":"https:\/\/programaprai.com\/index.php\/wp-json\/wp\/v2\/comments?post=417"}],"version-history":[{"count":7,"href":"https:\/\/programaprai.com\/index.php\/wp-json\/wp\/v2\/pages\/417\/revisions"}],"predecessor-version":[{"id":6021,"href":"https:\/\/programaprai.com\/index.php\/wp-json\/wp\/v2\/pages\/417\/revisions\/6021"}],"wp:attachment":[{"href":"https:\/\/programaprai.com\/index.php\/wp-json\/wp\/v2\/media?parent=417"}],"curies":[{"name":"wp","href":"https:\/\/api.w.org\/{rel}","templated":true}]}}